{"id":2760,"date":"2025-06-25T10:19:06","date_gmt":"2025-06-25T08:19:06","guid":{"rendered":"https:\/\/apollonia-kurpfalzklinik.de\/?page_id=2760"},"modified":"2025-09-13T18:00:12","modified_gmt":"2025-09-13T16:00:12","slug":"karriere-apollonia","status":"publish","type":"page","link":"https:\/\/apollonia-kurpfalzklinik.de\/tr\/karriere-apollonia\/","title":{"rendered":"Kariyer"},"content":{"rendered":"<div data-elementor-type=\"wp-page\" data-elementor-id=\"2760\" class=\"elementor elementor-2760\" data-elementor-post-type=\"page\">\n\t\t\t\t<div class=\"elementor-element elementor-element-a0f7cdb e-flex e-con-boxed e-con e-parent\" data-id=\"a0f7cdb\" data-element_type=\"container\" data-e-type=\"container\" data-settings=\"{&quot;background_background&quot;:&quot;classic&quot;}\">\n\t\t\t\t\t<div class=\"e-con-inner\">\n\t\t<div class=\"elementor-element elementor-element-42549086 e-con-full e-flex elementor-invisible e-con e-child\" data-id=\"42549086\" data-element_type=\"container\" data-e-type=\"container\" data-settings=\"{&quot;animation&quot;:&quot;fadeIn&quot;}\">\n\t\t<div class=\"elementor-element elementor-element-6f3cf07d e-con-full e-flex e-con e-child\" data-id=\"6f3cf07d\" data-element_type=\"container\" data-e-type=\"container\">\n\t\t<div class=\"elementor-element elementor-element-239c091f e-con-full e-flex e-con e-child\" data-id=\"239c091f\" data-element_type=\"container\" data-e-type=\"container\">\n\t\t\t\t<div class=\"elementor-element elementor-element-34d22ea elementor-widget elementor-widget-heading\" data-id=\"34d22ea\" data-element_type=\"widget\" data-e-type=\"widget\" data-widget_type=\"heading.default\">\n\t\t\t\t<div class=\"elementor-widget-container\">\n\t\t\t\t\t<h2 class=\"elementor-heading-title elementor-size-default\">Biz Apollonia'y\u0131z ve sizin kendinizi rahat hissetmenizi istiyoruz.\u2028<\/h2>\t\t\t\t<\/div>\n\t\t\t\t<\/div>\n\t\t\t\t<div class=\"elementor-element elementor-element-2f277cb1 elementor-widget-tablet__width-inherit elementor-invisible elementor-widget elementor-widget-text-editor\" data-id=\"2f277cb1\" data-element_type=\"widget\" data-e-type=\"widget\" data-settings=\"{&quot;_animation&quot;:&quot;fadeIn&quot;,&quot;_animation_delay&quot;:&quot;200&quot;}\" data-widget_type=\"text-editor.default\">\n\t\t\t\t<div class=\"elementor-widget-container\">\n\t\t\t\t\t\t\t\t\t<div class=\"WordSection1\"><p class=\"p1\">Ludwigshafen'da, Berliner Platz'\u0131n hemen yan\u0131nda bulunan modern bir t\u0131bbi bak\u0131m merkezi (MVZ) olarak, \u00e7al\u0131\u015fanlar\u0131m\u0131z\u0131n mesleki ve ki\u015fisel olarak geli\u015febilecekleri bir k\u00fclt\u00fcr yarat\u0131yoruz.<\/p><\/div>\t\t\t\t\t\t\t\t<\/div>\n\t\t\t\t<\/div>\n\t\t<div class=\"elementor-element elementor-element-5e0697dc e-con-full e-flex e-con e-child\" data-id=\"5e0697dc\" data-element_type=\"container\" data-e-type=\"container\">\n\t\t\t\t<div class=\"elementor-element elementor-element-2c926aaa elementor-widget__width-auto elementor-invisible elementor-widget elementor-widget-jkit_button\" data-id=\"2c926aaa\" data-element_type=\"widget\" data-e-type=\"widget\" data-settings=\"{&quot;_animation&quot;:&quot;fadeIn&quot;,&quot;_animation_delay&quot;:&quot;400&quot;}\" data-widget_type=\"jkit_button.default\">\n\t\t\t\t<div class=\"elementor-widget-container\">\n\t\t\t\t\t<div  class=\"jeg-elementor-kit jkit-button  icon-position-before jeg_module___69eb361f6e5c1\" ><a href=\"#stellenangebote\" class=\"jkit-button-wrapper\">\u015eimdi ba\u015fvurun!<\/a><\/div>\t\t\t\t<\/div>\n\t\t\t\t<\/div>\n\t\t\t\t<\/div>\n\t\t\t\t<\/div>\n\t\t\t\t<\/div>\n\t\t\t\t<\/div>\n\t\t\t\t\t<\/div>\n\t\t\t\t<\/div>\n\t\t<div class=\"elementor-element elementor-element-2204e8f e-flex e-con-boxed e-con e-parent\" data-id=\"2204e8f\" data-element_type=\"container\" data-e-type=\"container\" data-settings=\"{&quot;background_background&quot;:&quot;classic&quot;}\">\n\t\t\t\t\t<div class=\"e-con-inner\">\n\t\t<div class=\"elementor-element elementor-element-f5bfc5c e-con-full e-flex e-con e-child\" data-id=\"f5bfc5c\" data-element_type=\"container\" data-e-type=\"container\">\n\t\t<div class=\"elementor-element elementor-element-9c34509 e-con-full e-flex elementor-invisible e-con e-child\" data-id=\"9c34509\" data-element_type=\"container\" data-e-type=\"container\" data-settings=\"{&quot;background_background&quot;:&quot;classic&quot;,&quot;animation&quot;:&quot;fadeIn&quot;}\">\n\t\t\t\t<div class=\"elementor-element elementor-element-67462e1 elementor-widget elementor-widget-image\" data-id=\"67462e1\" data-element_type=\"widget\" data-e-type=\"widget\" data-widget_type=\"image.default\">\n\t\t\t\t<div class=\"elementor-widget-container\">\n\t\t\t\t\t\t\t\t\t\t\t\t\t\t\t<img fetchpriority=\"high\" decoding=\"async\" width=\"800\" height=\"533\" src=\"https:\/\/apollonia-kurpfalzklinik.de\/wp-content\/uploads\/2025\/08\/karriere-bei-apollonia-1024x682.jpg\" class=\"attachment-large size-large wp-image-3510\" alt=\"karriere-bei-apollonia-karriere-apollonia-jobs-apollonia\" srcset=\"https:\/\/apollonia-kurpfalzklinik.de\/wp-content\/uploads\/2025\/08\/karriere-bei-apollonia-1024x682.jpg 1024w, https:\/\/apollonia-kurpfalzklinik.de\/wp-content\/uploads\/2025\/08\/karriere-bei-apollonia-300x200.jpg 300w, https:\/\/apollonia-kurpfalzklinik.de\/wp-content\/uploads\/2025\/08\/karriere-bei-apollonia-768x512.jpg 768w, https:\/\/apollonia-kurpfalzklinik.de\/wp-content\/uploads\/2025\/08\/karriere-bei-apollonia-1536x1024.jpg 1536w, https:\/\/apollonia-kurpfalzklinik.de\/wp-content\/uploads\/2025\/08\/karriere-bei-apollonia.jpg 2000w\" sizes=\"(max-width: 800px) 100vw, 800px\" \/>\t\t\t\t\t\t\t\t\t\t\t\t\t\t\t<\/div>\n\t\t\t\t<\/div>\n\t\t\t\t<\/div>\n\t\t<div class=\"elementor-element elementor-element-3749159 e-con-full e-flex e-con e-child\" data-id=\"3749159\" data-element_type=\"container\" data-e-type=\"container\">\n\t\t\t\t<div class=\"elementor-element elementor-element-b0dacbc elementor-widget__width-inherit elementor-widget elementor-widget-heading\" data-id=\"b0dacbc\" data-element_type=\"widget\" data-e-type=\"widget\" data-widget_type=\"heading.default\">\n\t\t\t\t<div class=\"elementor-widget-container\">\n\t\t\t\t\t<h1 class=\"elementor-heading-title elementor-size-default\">Karriere Apollonia<\/h1>\t\t\t\t<\/div>\n\t\t\t\t<\/div>\n\t\t\t\t<div class=\"elementor-element elementor-element-1f3ae53 elementor-widget__width-inherit elementor-widget elementor-widget-heading\" data-id=\"1f3ae53\" data-element_type=\"widget\" data-e-type=\"widget\" data-widget_type=\"heading.default\">\n\t\t\t\t<div class=\"elementor-widget-container\">\n\t\t\t\t\t<h2 class=\"elementor-heading-title elementor-size-default\"><span style=\"color:#9CD1F3\">Apollonia \u0130\u015f \u0130lanlar\u0131: <\/span> <br> Ne zaman bizimle \u00e7al\u0131\u015fmaya ba\u015flayacaks\u0131n?<\/h2>\t\t\t\t<\/div>\n\t\t\t\t<\/div>\n\t\t\t\t<div class=\"elementor-element elementor-element-ffaa84a elementor-invisible elementor-widget elementor-widget-text-editor\" data-id=\"ffaa84a\" data-element_type=\"widget\" data-e-type=\"widget\" data-settings=\"{&quot;_animation&quot;:&quot;fadeIn&quot;,&quot;_animation_delay&quot;:&quot;200&quot;}\" data-widget_type=\"text-editor.default\">\n\t\t\t\t<div class=\"elementor-widget-container\">\n\t\t\t\t\t\t\t\t\t<p>MVZ'mizde mesleki yetkinli\u011fi insani bir atmosferle birle\u015ftiriyoruz \u2013 tak\u0131m ruhu ve meslekta\u015flarla iyi ge\u00e7inme bizim i\u00e7in her \u015feyden \u00f6nce gelir. Bizde net terfi f\u0131rsatlar\u0131, cazip \u00e7al\u0131\u015fma ko\u015fullar\u0131 ve ki\u015fili\u011finin de\u011fer g\u00f6rd\u00fc\u011f\u00fc bir ortam bulacaks\u0131n \u2013 \u00e7\u00fcnk\u00fc bireysel geli\u015fim bizim temel ilkelerimizden biridir.<\/p><p><b>Bizimle birlikte b\u00fcy\u00fcmek ister misin?<\/b><br \/>Doktor, hem\u015fire, t\u0131bbi asistan, ameliyat asistan\u0131 veya idari personel: Size sorumluluk alabilece\u011finiz ve mesleki olarak geli\u015febilece\u011finiz bir ortam sunuyoruz. Ludwigshafen'daki tesisimiz, h\u0131zl\u0131 karar alma s\u00fcre\u00e7leri, ailevi bir atmosfer ve modern donan\u0131m sunar \u2013 kalbi ve gelece\u011fi olan bir \u00e7al\u0131\u015fma ortam\u0131 i\u00e7in idealdir.<\/p>\t\t\t\t\t\t\t\t<\/div>\n\t\t\t\t<\/div>\n\t\t\t\t<div class=\"elementor-element elementor-element-0807852 elementor-widget__width-auto elementor-invisible elementor-widget elementor-widget-jkit_button\" data-id=\"0807852\" data-element_type=\"widget\" data-e-type=\"widget\" data-settings=\"{&quot;_animation&quot;:&quot;fadeIn&quot;,&quot;_animation_delay&quot;:&quot;400&quot;}\" data-widget_type=\"jkit_button.default\">\n\t\t\t\t<div class=\"elementor-widget-container\">\n\t\t\t\t\t<div  class=\"jeg-elementor-kit jkit-button  icon-position-before jeg_module__1_69eb361f6f0ca\" ><a href=\"#stellenangebote\" class=\"jkit-button-wrapper\">\u015eimdi ba\u015fvurun!<\/a><\/div>\t\t\t\t<\/div>\n\t\t\t\t<\/div>\n\t\t\t\t<\/div>\n\t\t\t\t<\/div>\n\t\t\t\t\t<\/div>\n\t\t\t\t<\/div>\n\t\t<div class=\"elementor-element elementor-element-8e5f230 e-flex e-con-boxed e-con e-parent\" data-id=\"8e5f230\" data-element_type=\"container\" data-e-type=\"container\" data-settings=\"{&quot;background_background&quot;:&quot;classic&quot;}\">\n\t\t\t\t\t<div class=\"e-con-inner\">\n\t\t<div class=\"elementor-element elementor-element-1aa1a28 e-con-full e-flex e-con e-child\" data-id=\"1aa1a28\" data-element_type=\"container\" data-e-type=\"container\">\n\t\t<div class=\"elementor-element elementor-element-73e54dc e-con-full e-flex e-con e-child\" data-id=\"73e54dc\" data-element_type=\"container\" data-e-type=\"container\">\n\t\t\t\t<div class=\"elementor-element elementor-element-17d3e4f elementor-widget__width-initial elementor-widget-tablet__width-initial elementor-widget-mobile__width-initial elementor-widget elementor-widget-heading\" data-id=\"17d3e4f\" data-element_type=\"widget\" data-e-type=\"widget\" data-widget_type=\"heading.default\">\n\t\t\t\t<div class=\"elementor-widget-container\">\n\t\t\t\t\t<h4 class=\"elementor-heading-title elementor-size-default\">\u201cT\u0131bbi ilerlemeyi ya\u015famak \u2013 hastalar\u0131m\u0131z\u0131n iyili\u011fi i\u00e7in\u201d<\/h4>\t\t\t\t<\/div>\n\t\t\t\t<\/div>\n\t\t\t\t<div class=\"elementor-element elementor-element-9046d5e elementor-invisible elementor-widget elementor-widget-text-editor\" data-id=\"9046d5e\" data-element_type=\"widget\" data-e-type=\"widget\" data-settings=\"{&quot;_animation&quot;:&quot;fadeIn&quot;,&quot;_animation_delay&quot;:&quot;200&quot;}\" data-widget_type=\"text-editor.default\">\n\t\t\t\t<div class=\"elementor-widget-container\">\n\t\t\t\t\t\t\t\t\t<p class=\"p1\">\u201cModern t\u0131p, ya\u015fam kalitesi, g\u00fcvenlik ve g\u00fcven a\u00e7\u0131s\u0131ndan bir kazan\u00e7t\u0131r. Apollonia'da s\u00fcrekli geli\u015fime \u00f6nem veriyoruz: dijital g\u00f6r\u00fcnt\u00fcleme, minimal invaziv prosed\u00fcrler ve nazik tedavi konseptleri bizim i\u00e7in g\u00fcnl\u00fck rutindir. B\u00f6ylece, hastalar\u0131m\u0131z ve ekibimiz i\u00e7in avantajl\u0131, verimli, hedef odakl\u0131 ve nazik tedaviler tasarl\u0131yoruz.\u201d<\/p>\t\t\t\t\t\t\t\t<\/div>\n\t\t\t\t<\/div>\n\t\t\t\t<\/div>\n\t\t<div class=\"elementor-element elementor-element-92deb45 e-con-full e-flex elementor-invisible e-con e-child\" data-id=\"92deb45\" data-element_type=\"container\" data-e-type=\"container\" data-settings=\"{&quot;background_background&quot;:&quot;classic&quot;,&quot;animation&quot;:&quot;fadeIn&quot;}\">\n\t\t\t\t<div class=\"elementor-element elementor-element-2f94a75 elementor-invisible elementor-widget elementor-widget-text-editor\" data-id=\"2f94a75\" data-element_type=\"widget\" data-e-type=\"widget\" data-settings=\"{&quot;_animation&quot;:&quot;fadeIn&quot;,&quot;_animation_delay&quot;:&quot;200&quot;}\" data-widget_type=\"text-editor.default\">\n\t\t\t\t<div class=\"elementor-widget-container\">\n\t\t\t\t\t\t\t\t\t<p class=\"p1\"><strong>Dr. med. Dieter<span class=\"s1\">\u202f\u00a0<\/span>Mentges,<br \/><\/strong><strong> Genel M\u00fcd\u00fcr (+30 y\u0131l deneyim)<\/strong><\/p>\t\t\t\t\t\t\t\t<\/div>\n\t\t\t\t<\/div>\n\t\t\t\t<\/div>\n\t\t\t\t<\/div>\n\t\t\t\t\t<\/div>\n\t\t\t\t<\/div>\n\t\t<div class=\"elementor-element elementor-element-21318f9 e-flex e-con-boxed e-con e-parent\" data-id=\"21318f9\" data-element_type=\"container\" data-e-type=\"container\" id=\"stellenangebote\" data-settings=\"{&quot;background_background&quot;:&quot;classic&quot;}\">\n\t\t\t\t\t<div class=\"e-con-inner\">\n\t\t<div class=\"elementor-element elementor-element-ac1fb19 e-con-full e-flex e-con e-child\" data-id=\"ac1fb19\" data-element_type=\"container\" data-e-type=\"container\">\n\t\t<div class=\"elementor-element elementor-element-9dc49a2 e-con-full e-flex e-con e-child\" data-id=\"9dc49a2\" data-element_type=\"container\" data-e-type=\"container\" data-settings=\"{&quot;background_background&quot;:&quot;classic&quot;}\">\n\t\t<div class=\"elementor-element elementor-element-07da806 e-con-full e-flex e-con e-child\" data-id=\"07da806\" data-element_type=\"container\" data-e-type=\"container\">\n\t\t\t\t<div class=\"elementor-element elementor-element-acfab9d elementor-widget__width-inherit elementor-widget elementor-widget-heading\" data-id=\"acfab9d\" data-element_type=\"widget\" data-e-type=\"widget\" data-widget_type=\"heading.default\">\n\t\t\t\t<div class=\"elementor-widget-container\">\n\t\t\t\t\t<h3 class=\"elementor-heading-title elementor-size-default\">Karriere Apollonia<\/h3>\t\t\t\t<\/div>\n\t\t\t\t<\/div>\n\t\t\t\t<div class=\"elementor-element elementor-element-9d80460 elementor-widget-tablet__width-inherit elementor-widget elementor-widget-heading\" data-id=\"9d80460\" data-element_type=\"widget\" data-e-type=\"widget\" data-widget_type=\"heading.default\">\n\t\t\t\t<div class=\"elementor-widget-container\">\n\t\t\t\t\t<h2 class=\"elementor-heading-title elementor-size-default\">G\u00fcncel i\u015f ilanlar\u0131<\/h2>\t\t\t\t<\/div>\n\t\t\t\t<\/div>\n\t\t\t\t<div class=\"elementor-element elementor-element-66ebba4 elementor-widget__width-initial elementor-invisible elementor-widget elementor-widget-text-editor\" data-id=\"66ebba4\" data-element_type=\"widget\" data-e-type=\"widget\" data-settings=\"{&quot;_animation&quot;:&quot;fadeIn&quot;,&quot;_animation_delay&quot;:&quot;200&quot;}\" data-widget_type=\"text-editor.default\">\n\t\t\t\t<div class=\"elementor-widget-container\">\n\t\t\t\t\t\t\t\t\t<p class=\"sc_item_title sc_title_title sc_align_center sc_item_title_style_default\"><span class=\"sc_item_title_text\">Apollonia'n\u0131n a\u00e7\u0131k pozisyonlar\u0131n\u0131 ke\u015ffedin ve sadece size g\u00fcvenen de\u011fil, ayn\u0131 zamanda her zaman arkan\u0131zda duran bir ekibin par\u00e7as\u0131 olun!<br \/><\/span><\/p>\t\t\t\t\t\t\t\t<\/div>\n\t\t\t\t<\/div>\n\t\t\t\t<div class=\"elementor-element elementor-element-ba045bf elementor-widget__width-initial elementor-alert-info elementor-widget elementor-widget-alert\" data-id=\"ba045bf\" data-element_type=\"widget\" data-e-type=\"widget\" data-widget_type=\"alert.default\">\n\t\t\t\t<div class=\"elementor-widget-container\">\n\t\t\t\t\t\t\t<div class=\"elementor-alert\" role=\"alert\">\n\n\t\t\t\t\t\t<span class=\"elementor-alert-title\">\u015eu anda a\u00e7\u0131k pozisyon bulunmamaktad\u0131r.<\/span>\n\t\t\t\n\t\t\t\t\t\t<span class=\"elementor-alert-description\">info@apollonia-kurofalzklinik.de adresine \u00f6zge\u00e7mi\u015finizi g\u00f6nderebilirsiniz.<\/span>\n\t\t\t\n\t\t\t\t\t\t<button type=\"button\" class=\"elementor-alert-dismiss\" aria-label=\"Hinweis ausblenden.\">\n\t\t\t\t\t\t\t\t\t<span aria-hidden=\"true\">&times;<\/span>\n\t\t\t\t\t\t\t<\/button>\n\t\t\t\n\t\t<\/div>\n\t\t\t\t\t\t<\/div>\n\t\t\t\t<\/div>\n\t\t\t\t<\/div>\n\t\t\t\t<\/div>\n\t\t\t\t<\/div>\n\t\t\t\t\t<\/div>\n\t\t\t\t<\/div>\n\t\t<div class=\"elementor-element elementor-element-4261749 e-flex e-con-boxed e-con e-parent\" data-id=\"4261749\" data-element_type=\"container\" data-e-type=\"container\" data-settings=\"{&quot;background_background&quot;:&quot;classic&quot;}\">\n\t\t\t\t\t<div class=\"e-con-inner\">\n\t\t<div class=\"elementor-element elementor-element-1502440 e-con-full e-flex e-con e-child\" data-id=\"1502440\" data-element_type=\"container\" data-e-type=\"container\">\n\t\t<div class=\"elementor-element elementor-element-38024b2 e-con-full e-flex e-con e-child\" data-id=\"38024b2\" data-element_type=\"container\" data-e-type=\"container\" data-settings=\"{&quot;background_background&quot;:&quot;classic&quot;}\">\n\t\t<div class=\"elementor-element elementor-element-6f97bc8 e-con-full e-flex e-con e-child\" data-id=\"6f97bc8\" data-element_type=\"container\" data-e-type=\"container\">\n\t\t\t\t<div class=\"elementor-element elementor-element-4fae4c3 elementor-widget elementor-widget-heading\" data-id=\"4fae4c3\" data-element_type=\"widget\" data-e-type=\"widget\" data-widget_type=\"heading.default\">\n\t\t\t\t<div class=\"elementor-widget-container\">\n\t\t\t\t\t<h4 class=\"elementor-heading-title elementor-size-default\">Ger\u00e7ek tak\u0131m \u00e7al\u0131\u015fmas\u0131 b\u00f6yle bir \u015fey!<\/h4>\t\t\t\t<\/div>\n\t\t\t\t<\/div>\n\t\t\t\t<div class=\"elementor-element elementor-element-43efb2c elementor-widget__width-initial elementor-invisible elementor-widget elementor-widget-text-editor\" data-id=\"43efb2c\" data-element_type=\"widget\" data-e-type=\"widget\" data-settings=\"{&quot;_animation&quot;:&quot;fadeIn&quot;,&quot;_animation_delay&quot;:&quot;200&quot;}\" data-widget_type=\"text-editor.default\">\n\t\t\t\t<div class=\"elementor-widget-container\">\n\t\t\t\t\t\t\t\t\t<p>Klini\u011fimiz bir i\u015fyerinden daha fazlas\u0131d\u0131r \u2013 buras\u0131 birbirini tan\u0131yan, destekleyen ve de\u011fer veren insanlar\u0131n bulundu\u011fu bir yerdir. Ailevi bir atmosferde el ele \u00e7al\u0131\u015f\u0131r ve birbirimize e\u015fit g\u00f6zle bakar\u0131z. Burada meslekta\u015fl\u0131k ger\u00e7ek bir dayan\u0131\u015fmaya d\u00f6n\u00fc\u015f\u00fcr ve i\u015f yapmak iyi bir his verir.<\/p>\t\t\t\t\t\t\t\t<\/div>\n\t\t\t\t<\/div>\n\t\t\t\t<\/div>\n\t\t<div class=\"elementor-element elementor-element-a4abfd5 e-con-full e-flex e-con e-child\" data-id=\"a4abfd5\" data-element_type=\"container\" data-e-type=\"container\">\n\t\t\t\t<div class=\"elementor-element elementor-element-6087130 elementor-widget__width-auto elementor-invisible elementor-widget elementor-widget-jkit_button\" data-id=\"6087130\" data-element_type=\"widget\" data-e-type=\"widget\" data-settings=\"{&quot;_animation&quot;:&quot;fadeIn&quot;,&quot;_animation_delay&quot;:&quot;400&quot;}\" data-widget_type=\"jkit_button.default\">\n\t\t\t\t<div class=\"elementor-widget-container\">\n\t\t\t\t\t<div  class=\"jeg-elementor-kit jkit-button  icon-position-before jeg_module__2_69eb361f70369\" ><a href=\"https:\/\/apollonia-kurpfalzklinik.de\/tr\/apollonia\/\" class=\"jkit-button-wrapper\">Ekibi tan\u0131y\u0131n<\/a><\/div>\t\t\t\t<\/div>\n\t\t\t\t<\/div>\n\t\t\t\t<\/div>\n\t\t\t\t<\/div>\n\t\t\t\t<\/div>\n\t\t\t\t\t<\/div>\n\t\t\t\t<\/div>\n\t\t\t\t<\/div>","protected":false},"excerpt":{"rendered":"<p>Wir sind Apollonia \u2013 und wir m\u00f6chten, dass du dich bei uns wohlf\u00fchlst.\u2028 Als modernes medizinisches Versorgungszentrum (MVZ) in Ludwigshafen, direkt am Berliner Platz, schaffen wir eine Kultur, in der sich Mitarbeitende beruflich und pers\u00f6nlich entfalten k\u00f6nnen. Jetzt bewerben! Karriere Apollonia Apollonia Jobs: Wann f\u00e4ngst DU bei uns an? In unserem MVZ verbinden wir fachliche [&hellip;]<\/p>\n","protected":false},"author":3,"featured_media":0,"parent":0,"menu_order":0,"comment_status":"closed","ping_status":"closed","template":"","meta":{"footnotes":""},"class_list":["post-2760","page","type-page","status-publish","hentry"],"_links":{"self":[{"href":"https:\/\/apollonia-kurpfalzklinik.de\/tr\/wp-json\/wp\/v2\/pages\/2760","targetHints":{"allow":["GET"]}}],"collection":[{"href":"https:\/\/apollonia-kurpfalzklinik.de\/tr\/wp-json\/wp\/v2\/pages"}],"about":[{"href":"https:\/\/apollonia-kurpfalzklinik.de\/tr\/wp-json\/wp\/v2\/types\/page"}],"author":[{"embeddable":true,"href":"https:\/\/apollonia-kurpfalzklinik.de\/tr\/wp-json\/wp\/v2\/users\/3"}],"replies":[{"embeddable":true,"href":"https:\/\/apollonia-kurpfalzklinik.de\/tr\/wp-json\/wp\/v2\/comments?post=2760"}],"version-history":[{"count":173,"href":"https:\/\/apollonia-kurpfalzklinik.de\/tr\/wp-json\/wp\/v2\/pages\/2760\/revisions"}],"predecessor-version":[{"id":4099,"href":"https:\/\/apollonia-kurpfalzklinik.de\/tr\/wp-json\/wp\/v2\/pages\/2760\/revisions\/4099"}],"wp:attachment":[{"href":"https:\/\/apollonia-kurpfalzklinik.de\/tr\/wp-json\/wp\/v2\/media?parent=2760"}],"curies":[{"name":"wp","href":"https:\/\/api.w.org\/{rel}","templated":true}]}}